{"id":56,"date":"2018-05-25T20:19:24","date_gmt":"2018-05-25T23:19:24","guid":{"rendered":"http:\/\/santacasadepelotas.com.br\/novolayout\/?page_id=56"},"modified":"2025-09-17T08:36:09","modified_gmt":"2025-09-17T11:36:09","slug":"cihdott","status":"publish","type":"page","link":"https:\/\/santacasadepelotas.com.br\/index.php\/cihdott\/","title":{"rendered":"CIHDOTT"},"content":{"rendered":"<p>[vc_row][vc_column]<h3 class=\"grve-element grve-align-left grve-title-no-line grve-h3\" style=\"\"><span>CIHDOTT \u2013 Comiss\u00e3o Intra-Hospitalar de Doa\u00e7\u00e3o de \u00d3rg\u00e3os e Tecidos para Transplantes<\/span><\/h3>[vc_column_text]<\/p>\n<p style=\"font-weight: 400; text-align: justify;\">Ap\u00f3s a sua reestrutura\u00e7\u00e3o em 2006, a comiss\u00e3o formada por funcion\u00e1rios do hospital vem trabalhando diariamente para que o assunto \u201cdoa\u00e7\u00e3o de \u00f3rg\u00e3os\u201d deixe de ser um tabu dentro e fora da institui\u00e7\u00e3o. Palestras, treinamentos e a\u00e7\u00f5es nas ruas da cidade com esclarecimento de d\u00favidas sobre o processo doa\u00e7\u00e3o-transplante \u00e9 a maneira que a comiss\u00e3o da Santa Casa encontrou para aumentar o n\u00famero de doadores e mostrar \u00e0 popula\u00e7\u00e3o o trabalho que \u00e9 realizado com muita seriedade dentro da institui\u00e7\u00e3o.<\/p>\n<p style=\"text-align: justify;\">Membros da comiss\u00e3o da Santa Casa:<\/p>\n<ul>\n<li style=\"font-weight: 400; text-align: justify;\">Eliane da Motta Cardoso &#8211; COREN 353994<\/li>\n<li>Francini de Moraes Lacerda \u2013 Enfermeira &#8211; COREN 274331 &#8211; Coordenadora<\/li>\n<li>Larissa Konzgen Teixeira \u2013 Enfermeira &#8211; COREN &#8211; 272679<\/li>\n<li>Marcilene Carvalho Oliveira &#8211; Enfermeira COREN &#8211; 758211<\/li>\n<li>Maria Storch Konmling \u2013 Enfermeira &#8211; COREN 278690<\/li>\n<li>Ot\u00edlia do Carmo Souza Wurdig &#8211; Enfermeira &#8211; COREN 296493<\/li>\n<li>Rita de C\u00e1ssia Bueno do Nascimento da Rosa \u2013 Enfermeira &#8211; COREN 6058<\/li>\n<li style=\"font-weight: 400; text-align: justify;\">Dra. Paula Santos Casanova Andreazza &#8211; CRM 36260<\/li>\n<\/ul>\n<p>[\/vc_column_text][\/vc_column][\/vc_row]<\/p>\n","protected":false},"excerpt":{"rendered":"<p>[vc_row][vc_column][vc_column_text] Ap\u00f3s a sua reestrutura\u00e7\u00e3o em 2006, a comiss\u00e3o formada por funcion\u00e1rios do hospital vem trabalhando diariamente para que o assunto \u201cdoa\u00e7\u00e3o de \u00f3rg\u00e3os\u201d deixe de ser um tabu dentro e fora da institui\u00e7\u00e3o. Palestras, treinamentos e a\u00e7\u00f5es nas ruas da cidade com esclarecimento de d\u00favidas sobre o processo doa\u00e7\u00e3o-transplante \u00e9 a maneira que a [&hellip;]<\/p>\n","protected":false},"author":6,"featured_media":0,"parent":0,"menu_order":0,"comment_status":"closed","ping_status":"closed","template":"","meta":{"footnotes":""},"_links":{"self":[{"href":"https:\/\/santacasadepelotas.com.br\/index.php\/wp-json\/wp\/v2\/pages\/56"}],"collection":[{"href":"https:\/\/santacasadepelotas.com.br\/index.php\/wp-json\/wp\/v2\/pages"}],"about":[{"href":"https:\/\/santacasadepelotas.com.br\/index.php\/wp-json\/wp\/v2\/types\/page"}],"author":[{"embeddable":true,"href":"https:\/\/santacasadepelotas.com.br\/index.php\/wp-json\/wp\/v2\/users\/6"}],"replies":[{"embeddable":true,"href":"https:\/\/santacasadepelotas.com.br\/index.php\/wp-json\/wp\/v2\/comments?post=56"}],"version-history":[{"count":8,"href":"https:\/\/santacasadepelotas.com.br\/index.php\/wp-json\/wp\/v2\/pages\/56\/revisions"}],"predecessor-version":[{"id":3670,"href":"https:\/\/santacasadepelotas.com.br\/index.php\/wp-json\/wp\/v2\/pages\/56\/revisions\/3670"}],"wp:attachment":[{"href":"https:\/\/santacasadepelotas.com.br\/index.php\/wp-json\/wp\/v2\/media?parent=56"}],"curies":[{"name":"wp","href":"https:\/\/api.w.org\/{rel}","templated":true}]}}