{"id":54,"date":"2018-05-25T20:18:58","date_gmt":"2018-05-25T23:18:58","guid":{"rendered":"http:\/\/santacasadepelotas.com.br\/novolayout\/?page_id=54"},"modified":"2023-07-26T14:46:27","modified_gmt":"2023-07-26T17:46:27","slug":"ceron","status":"publish","type":"page","link":"https:\/\/santacasadepelotas.com.br\/index.php\/ceron\/","title":{"rendered":"CERON"},"content":{"rendered":"<p>[vc_row][vc_column][vc_empty_space]<h3 class=\"grve-element grve-align-left grve-title-no-line grve-h3\" style=\"\"><span>CERON<\/span><\/h3>[vc_column_text]<\/p>\n<p style=\"text-align: justify;\">Em funcionamento desde 1999, o Centro De Radioterapia e Oncologia (CERON) da Santa Casa de Miseric\u00f3rdia de Pelotas disp\u00f5e de toda sua infra-estrutura para o atendimento integral do paciente com c\u00e2ncer de Pelotas e regi\u00e3o.<br \/>\nO CERON atende todas as exig\u00eancias t\u00e9cnicas de qualidade e seguran\u00e7a, em conformidade com as normas municipais, estaduais e federais em vigor.<br \/>\nAl\u00e9m de ser pioneiro ao colocar \u00e0 disposi\u00e7\u00e3o dos pacientes o primeiro Acelerador Linear no interior do Rio Grande do Sul, o CERON conta com uma equipe tecnicamente qualificada de especialistas f\u00edsicos e m\u00e9dicos, que atende a demanda de pacientes do SUS, conv\u00eanios e particulares.<br \/>\nO servi\u00e7o disp\u00f5e dos seguintes equipamentos, que proporcionam as melhores e mais adequadas condi\u00e7\u00f5es, para um correto desempenho da radioterapia externa:<\/p>\n<p style=\"text-align: justify;\"><img loading=\"lazy\" decoding=\"async\" class=\"alignnone wp-image-437\" src=\"http:\/\/santacasadepelotas.com.br\/wp-content\/uploads\/2018\/10\/icone03-e1539628690585.png\" alt=\"\" width=\"26\" height=\"26\" \/> Aparelho de Raios X para planejamento t\u00e9cnico simples;<\/p>\n<p style=\"text-align: justify;\"><img loading=\"lazy\" decoding=\"async\" class=\"alignnone wp-image-437 \" src=\"http:\/\/santacasadepelotas.com.br\/wp-content\/uploads\/2018\/10\/icone03-e1539628690585.png\" alt=\"\" width=\"26\" height=\"26\" \/> Sistema Digital de Revela\u00e7\u00e3o de Imagens, tanto para o controle do correto posicionamento do paciente quanto para a confer\u00eancia eletr\u00f4nica do alvo;<\/p>\n<p style=\"text-align: justify;\"><img loading=\"lazy\" decoding=\"async\" class=\"alignnone wp-image-437 \" src=\"http:\/\/santacasadepelotas.com.br\/wp-content\/uploads\/2018\/10\/icone03-e1539628690585.png\" alt=\"\" width=\"26\" height=\"26\" \/> Oficina para confec\u00e7\u00e3o de m\u00e1scaras, para a correta imobiliza\u00e7\u00e3o do paciente;<\/p>\n<p style=\"text-align: justify;\"><img loading=\"lazy\" decoding=\"async\" class=\"alignnone wp-image-437 \" src=\"http:\/\/santacasadepelotas.com.br\/wp-content\/uploads\/2018\/10\/icone03-e1539628690585.png\" alt=\"\" width=\"26\" height=\"26\" \/> Oficina para confec\u00e7\u00e3o de moldes para delimitar o volume alvo, al\u00e9m de proteger os tecidos normais vizinhos;<\/p>\n<p style=\"text-align: justify;\"><img loading=\"lazy\" decoding=\"async\" class=\"alignnone wp-image-437 \" src=\"http:\/\/santacasadepelotas.com.br\/wp-content\/uploads\/2018\/10\/icone03-e1539628690585.png\" alt=\"\" width=\"26\" height=\"26\" \/> Acesso \u00e0 tomografia computadorizada do hospital para os planejamentos de radioterapia conformada tri-dimensional;<\/p>\n<p style=\"text-align: justify;\"><img loading=\"lazy\" decoding=\"async\" class=\"alignnone wp-image-437 \" src=\"http:\/\/santacasadepelotas.com.br\/wp-content\/uploads\/2018\/10\/icone03-e1539628690585.png\" alt=\"\" width=\"26\" height=\"26\" \/> Sistema de Planejamento 3D Eclipse, de \u00faltima gera\u00e7\u00e3o;<\/p>\n<p style=\"text-align: justify;\"><img loading=\"lazy\" decoding=\"async\" class=\"alignnone wp-image-437 \" src=\"http:\/\/santacasadepelotas.com.br\/wp-content\/uploads\/2018\/10\/icone03-e1539628690585.png\" alt=\"\" width=\"26\" height=\"26\" \/> Acelerador Linear de 6 MEV;<\/p>\n<p style=\"text-align: justify;\"><img loading=\"lazy\" decoding=\"async\" class=\"alignnone wp-image-437 \" src=\"http:\/\/santacasadepelotas.com.br\/wp-content\/uploads\/2018\/10\/icone03-e1539628690585.png\" alt=\"\" width=\"26\" height=\"26\" \/> Eletr\u00f4metro Standard Imaging;<\/p>\n<p style=\"text-align: justify;\"><img loading=\"lazy\" decoding=\"async\" class=\"alignnone wp-image-437 \" src=\"http:\/\/santacasadepelotas.com.br\/wp-content\/uploads\/2018\/10\/icone03-e1539628690585.png\" alt=\"\" width=\"26\" height=\"26\" \/> C\u00e2mara de Ioniza\u00e7\u00e3o Exradin;<\/p>\n<p style=\"text-align: justify;\"><img loading=\"lazy\" decoding=\"async\" class=\"alignnone wp-image-437 \" src=\"http:\/\/santacasadepelotas.com.br\/wp-content\/uploads\/2018\/10\/icone03-e1539628690585.png\" alt=\"\" width=\"26\" height=\"26\" \/> Eletr\u00f4metro PTW e respectiva C\u00e2mara de Ioniza\u00e7\u00e3o PTW.<\/p>\n<p>[\/vc_column_text][\/vc_column][\/vc_row]<\/p>\n","protected":false},"excerpt":{"rendered":"<p>[vc_row][vc_column][vc_empty_space][vc_column_text] Em funcionamento desde 1999, o Centro De Radioterapia e Oncologia (CERON) da Santa Casa de Miseric\u00f3rdia de Pelotas disp\u00f5e de toda sua infra-estrutura para o atendimento integral do paciente com c\u00e2ncer de Pelotas e regi\u00e3o. O CERON atende todas as exig\u00eancias t\u00e9cnicas de qualidade e seguran\u00e7a, em conformidade com as normas municipais, estaduais e [&hellip;]<\/p>\n","protected":false},"author":6,"featured_media":0,"parent":0,"menu_order":0,"comment_status":"closed","ping_status":"closed","template":"","meta":{"footnotes":""},"_links":{"self":[{"href":"https:\/\/santacasadepelotas.com.br\/index.php\/wp-json\/wp\/v2\/pages\/54"}],"collection":[{"href":"https:\/\/santacasadepelotas.com.br\/index.php\/wp-json\/wp\/v2\/pages"}],"about":[{"href":"https:\/\/santacasadepelotas.com.br\/index.php\/wp-json\/wp\/v2\/types\/page"}],"author":[{"embeddable":true,"href":"https:\/\/santacasadepelotas.com.br\/index.php\/wp-json\/wp\/v2\/users\/6"}],"replies":[{"embeddable":true,"href":"https:\/\/santacasadepelotas.com.br\/index.php\/wp-json\/wp\/v2\/comments?post=54"}],"version-history":[{"count":8,"href":"https:\/\/santacasadepelotas.com.br\/index.php\/wp-json\/wp\/v2\/pages\/54\/revisions"}],"predecessor-version":[{"id":1736,"href":"https:\/\/santacasadepelotas.com.br\/index.php\/wp-json\/wp\/v2\/pages\/54\/revisions\/1736"}],"wp:attachment":[{"href":"https:\/\/santacasadepelotas.com.br\/index.php\/wp-json\/wp\/v2\/media?parent=54"}],"curies":[{"name":"wp","href":"https:\/\/api.w.org\/{rel}","templated":true}]}}