{"id":2232,"date":"2024-06-26T10:29:06","date_gmt":"2024-06-26T13:29:06","guid":{"rendered":"https:\/\/santacasadepelotas.com.br\/?page_id=2232"},"modified":"2024-06-26T10:54:42","modified_gmt":"2024-06-26T13:54:42","slug":"ensino-e-qualidade","status":"publish","type":"page","link":"https:\/\/santacasadepelotas.com.br\/index.php\/ensino-e-qualidade\/","title":{"rendered":"Ensino e Qualidade"},"content":{"rendered":"<p>[vc_row][vc_column]<h3 class=\"grve-element grve-align-left grve-title-no-line grve-h3\" style=\"\"><span>Ensino e Qualidade<\/span><\/h3>[vc_column_text]<span style=\"font-size: 14pt;\"><strong>Hist\u00f3ria:<\/strong><\/span><br \/>\nDesde outubro de 2006, a Santa Casa de Miseric\u00f3rdia de Pelotas oferece espa\u00e7os que permitem a promo\u00e7\u00e3o e o desenvolvimento do ensino voltado \u00e0 \u00e1rea da sa\u00fade. A Certifica\u00e7\u00e3o da Santa Casa como hospital que apoia o ensino tem como base a Portaria Interministerial n.\u00ba 3.018 de 26 de novembro de 2007, concedida pelo Minist\u00e9rio da Educa\u00e7\u00e3o e Minist\u00e9rio da Sa\u00fade.<\/p>\n<p>Neste espa\u00e7o de comunica\u00e7\u00e3o, voc\u00ea encontrar\u00e1 informa\u00e7\u00f5es, normas e as diferentes modalidades de est\u00e1gio, al\u00e9m de poder ver as novidades do setor e compartilhar conosco sua opini\u00e3o! Seja bem-vindo(a)!<\/p>\n<p><strong><span style=\"font-size: 14pt;\">Est\u00e1gio:<\/span><br \/>\n<\/strong> O Hospital Santa Casa de Pelotas oportuniza aos estudantes de diferentes cursos a realiza\u00e7\u00e3o de est\u00e1gios em \u00e1reas relacionadas \u00e0 pr\u00e1tica e \u00e0 gest\u00e3o da sa\u00fade. A Lei 11.788\/2008 define o est\u00e1gio como o ato educativo escolar supervisionado, desenvolvido no ambiente de trabalho, que visa \u00e0 prepara\u00e7\u00e3o para o trabalho produtivo do estudante. O est\u00e1gio pode ser obrigat\u00f3rio ou n\u00e3o obrigat\u00f3rio; no entanto, ambos devem compor a grade curricular na institui\u00e7\u00e3o de ensino.<\/p>\n<p><em><strong><span style=\"font-size: 14pt;\">Algumas Institui\u00e7\u00f5es de Ensino Parceiras<br \/>\n<img loading=\"lazy\" decoding=\"async\" class=\"alignnone wp-image-2243\" src=\"http:\/\/santacasadepelotas.com.br\/wp-content\/uploads\/2024\/06\/logo-ANHANGUERA@4x-100-scaled.jpg\" alt=\"\" width=\"232\" height=\"232\" srcset=\"https:\/\/santacasadepelotas.com.br\/wp-content\/uploads\/2024\/06\/logo-ANHANGUERA@4x-100-scaled.jpg 2560w, https:\/\/santacasadepelotas.com.br\/wp-content\/uploads\/2024\/06\/logo-ANHANGUERA@4x-100-300x300.jpg 300w, https:\/\/santacasadepelotas.com.br\/wp-content\/uploads\/2024\/06\/logo-ANHANGUERA@4x-100-1024x1024.jpg 1024w, https:\/\/santacasadepelotas.com.br\/wp-content\/uploads\/2024\/06\/logo-ANHANGUERA@4x-100-150x150.jpg 150w, https:\/\/santacasadepelotas.com.br\/wp-content\/uploads\/2024\/06\/logo-ANHANGUERA@4x-100-768x768.jpg 768w, https:\/\/santacasadepelotas.com.br\/wp-content\/uploads\/2024\/06\/logo-ANHANGUERA@4x-100-1536x1536.jpg 1536w, https:\/\/santacasadepelotas.com.br\/wp-content\/uploads\/2024\/06\/logo-ANHANGUERA@4x-100-80x80.jpg 80w, https:\/\/santacasadepelotas.com.br\/wp-content\/uploads\/2024\/06\/logo-ANHANGUERA@4x-100-560x560.jpg 560w, https:\/\/santacasadepelotas.com.br\/wp-content\/uploads\/2024\/06\/logo-ANHANGUERA@4x-100-1120x1120.jpg 1120w, https:\/\/santacasadepelotas.com.br\/wp-content\/uploads\/2024\/06\/logo-ANHANGUERA@4x-100-1920x1920.jpg 1920w\" sizes=\"(max-width: 232px) 100vw, 232px\" \/><img loading=\"lazy\" decoding=\"async\" class=\"alignnone wp-image-2244\" src=\"http:\/\/santacasadepelotas.com.br\/wp-content\/uploads\/2024\/06\/logo-escola-DIMENSAO@4x-100-scaled.jpg\" alt=\"\" width=\"232\" height=\"232\" srcset=\"https:\/\/santacasadepelotas.com.br\/wp-content\/uploads\/2024\/06\/logo-escola-DIMENSAO@4x-100-scaled.jpg 2560w, https:\/\/santacasadepelotas.com.br\/wp-content\/uploads\/2024\/06\/logo-escola-DIMENSAO@4x-100-300x300.jpg 300w, https:\/\/santacasadepelotas.com.br\/wp-content\/uploads\/2024\/06\/logo-escola-DIMENSAO@4x-100-1024x1024.jpg 1024w, https:\/\/santacasadepelotas.com.br\/wp-content\/uploads\/2024\/06\/logo-escola-DIMENSAO@4x-100-150x150.jpg 150w, https:\/\/santacasadepelotas.com.br\/wp-content\/uploads\/2024\/06\/logo-escola-DIMENSAO@4x-100-768x768.jpg 768w, https:\/\/santacasadepelotas.com.br\/wp-content\/uploads\/2024\/06\/logo-escola-DIMENSAO@4x-100-1536x1536.jpg 1536w, https:\/\/santacasadepelotas.com.br\/wp-content\/uploads\/2024\/06\/logo-escola-DIMENSAO@4x-100-80x80.jpg 80w, https:\/\/santacasadepelotas.com.br\/wp-content\/uploads\/2024\/06\/logo-escola-DIMENSAO@4x-100-560x560.jpg 560w, https:\/\/santacasadepelotas.com.br\/wp-content\/uploads\/2024\/06\/logo-escola-DIMENSAO@4x-100-1120x1120.jpg 1120w, https:\/\/santacasadepelotas.com.br\/wp-content\/uploads\/2024\/06\/logo-escola-DIMENSAO@4x-100-1920x1920.jpg 1920w\" sizes=\"(max-width: 232px) 100vw, 232px\" \/><img loading=\"lazy\" decoding=\"async\" class=\"alignnone wp-image-2245\" src=\"http:\/\/santacasadepelotas.com.br\/wp-content\/uploads\/2024\/06\/logo-escola-estilo@4x-100-scaled.jpg\" alt=\"\" width=\"232\" height=\"232\" srcset=\"https:\/\/santacasadepelotas.com.br\/wp-content\/uploads\/2024\/06\/logo-escola-estilo@4x-100-scaled.jpg 2560w, https:\/\/santacasadepelotas.com.br\/wp-content\/uploads\/2024\/06\/logo-escola-estilo@4x-100-300x300.jpg 300w, https:\/\/santacasadepelotas.com.br\/wp-content\/uploads\/2024\/06\/logo-escola-estilo@4x-100-1024x1024.jpg 1024w, https:\/\/santacasadepelotas.com.br\/wp-content\/uploads\/2024\/06\/logo-escola-estilo@4x-100-150x150.jpg 150w, https:\/\/santacasadepelotas.com.br\/wp-content\/uploads\/2024\/06\/logo-escola-estilo@4x-100-768x768.jpg 768w, https:\/\/santacasadepelotas.com.br\/wp-content\/uploads\/2024\/06\/logo-escola-estilo@4x-100-1536x1536.jpg 1536w, https:\/\/santacasadepelotas.com.br\/wp-content\/uploads\/2024\/06\/logo-escola-estilo@4x-100-80x80.jpg 80w, https:\/\/santacasadepelotas.com.br\/wp-content\/uploads\/2024\/06\/logo-escola-estilo@4x-100-560x560.jpg 560w, https:\/\/santacasadepelotas.com.br\/wp-content\/uploads\/2024\/06\/logo-escola-estilo@4x-100-1120x1120.jpg 1120w, https:\/\/santacasadepelotas.com.br\/wp-content\/uploads\/2024\/06\/logo-escola-estilo@4x-100-1920x1920.jpg 1920w\" sizes=\"(max-width: 232px) 100vw, 232px\" \/><img loading=\"lazy\" decoding=\"async\" class=\"alignnone wp-image-2246\" src=\"http:\/\/santacasadepelotas.com.br\/wp-content\/uploads\/2024\/06\/logo-SENAC@4x-100-scaled.jpg\" alt=\"\" width=\"232\" height=\"232\" srcset=\"https:\/\/santacasadepelotas.com.br\/wp-content\/uploads\/2024\/06\/logo-SENAC@4x-100-scaled.jpg 2560w, https:\/\/santacasadepelotas.com.br\/wp-content\/uploads\/2024\/06\/logo-SENAC@4x-100-300x300.jpg 300w, https:\/\/santacasadepelotas.com.br\/wp-content\/uploads\/2024\/06\/logo-SENAC@4x-100-1024x1024.jpg 1024w, https:\/\/santacasadepelotas.com.br\/wp-content\/uploads\/2024\/06\/logo-SENAC@4x-100-150x150.jpg 150w, https:\/\/santacasadepelotas.com.br\/wp-content\/uploads\/2024\/06\/logo-SENAC@4x-100-768x768.jpg 768w, https:\/\/santacasadepelotas.com.br\/wp-content\/uploads\/2024\/06\/logo-SENAC@4x-100-1536x1536.jpg 1536w, https:\/\/santacasadepelotas.com.br\/wp-content\/uploads\/2024\/06\/logo-SENAC@4x-100-80x80.jpg 80w, https:\/\/santacasadepelotas.com.br\/wp-content\/uploads\/2024\/06\/logo-SENAC@4x-100-560x560.jpg 560w, https:\/\/santacasadepelotas.com.br\/wp-content\/uploads\/2024\/06\/logo-SENAC@4x-100-1120x1120.jpg 1120w, https:\/\/santacasadepelotas.com.br\/wp-content\/uploads\/2024\/06\/logo-SENAC@4x-100-1920x1920.jpg 1920w\" sizes=\"(max-width: 232px) 100vw, 232px\" \/><\/span><\/strong><\/em><\/p>\n<p><strong>O que \u00e9 Est\u00e1gio Curricular?<br \/>\n<\/strong>\u00c9 todo est\u00e1gio obrigat\u00f3rio ou n\u00e3o obrigat\u00f3rio planejado no projeto pedag\u00f3gico do seu curso, regularizado e autorizado pelo MEC, cuja carga hor\u00e1ria \u00e9 requisito para aprova\u00e7\u00e3o e obten\u00e7\u00e3o do diploma.<\/p>\n<p><strong>Como posso realizar este tipo de est\u00e1gio na Santa Casa?<br \/>\n<\/strong>A sua institui\u00e7\u00e3o de ensino dever\u00e1 enviar uma proposta com \u00e1rea e n\u00famero de vagas solicitadas para o setor de ensino, que intermediar\u00e1 a negocia\u00e7\u00e3o e a elabora\u00e7\u00e3o do contrato, firmado junto ao setor jur\u00eddico do hospital. Ap\u00f3s a homologa\u00e7\u00e3o deste acordo, o supervisor de est\u00e1gio deve realizar o contato diretamente com o setor de ensino da Santa Casa e a \u00e1rea pretendida para realiza\u00e7\u00e3o do est\u00e1gio para planejar com anteced\u00eancia a execu\u00e7\u00e3o do cronograma de est\u00e1gio. Ap\u00f3s o aceite da \u00e1rea, a institui\u00e7\u00e3o de ensino dever\u00e1 encaminhar a documenta\u00e7\u00e3o pertinente de cada aluno ao setor de ensino.<\/p>\n<p><strong>NOVIDADE!<\/strong><br \/>\nPara melhor atender os estagi\u00e1rios, estamos implementando a informatiza\u00e7\u00e3o do processo de est\u00e1gio. A partir de 2024, o requerimento de est\u00e1gio passa a ser exclusivamente online (via formul\u00e1rio Google). Preencha o formul\u00e1rio para a solicita\u00e7\u00e3o de est\u00e1gio no link abaixo: <a href=\"https:\/\/docs.google.com\/forms\/d\/e\/1FAIpQLSdKHdCbBHmdlGEvQrBVWh5xsHPoc1-ps_W1qQT_a0S7aI9kxA\/viewform?usp=sf_link\" target=\"_new\" rel=\"noreferrer noopener\">Formul\u00e1rio de Est\u00e1gio<\/a><\/p>\n<p><strong>Documentos de Estagi\u00e1rios Necess\u00e1rios para Encaminhamento:<\/strong><\/p>\n<ol>\n<li>Carteira de Identidade (RG): A c\u00f3pia do documento deve ser frente e verso da carteira de identidade ou frente e verso de outro documento oficial que contenha os dados do RG (n\u00famero, data de expedi\u00e7\u00e3o e \u00f3rg\u00e3o expedidor obrigatoriamente);<\/li>\n<li>Comprovante de situa\u00e7\u00e3o cadastral do CPF: o candidato deve acessar o site da Receita Federal para a emiss\u00e3o do comprovante;<\/li>\n<li>Comprovante de matr\u00edcula atualizado;<\/li>\n<li>Ap\u00f3lice de Seguro: O candidato deve entrar em contato com sua institui\u00e7\u00e3o de ensino, que deve fornecer a ap\u00f3lice coletiva, ou o seguro pode ser contratado individualmente pelo aluno. O documento deve conter o n\u00famero da ap\u00f3lice e o nome da seguradora;<\/li>\n<li>Comprovante de resid\u00eancia: somente ser\u00e3o aceitos comprovantes de \u00e1gua, luz ou telefone. IMPORTANTE: Deve estar no nome do aluno ou dos pais. Caso o documento esteja em nome de outra pessoa, dever\u00e1 ser feita uma declara\u00e7\u00e3o na pr\u00f3pria conta, juntamente com a c\u00f3pia frente e verso do documento do titular;<\/li>\n<li>C\u00f3pia da carteira de vacina\u00e7\u00e3o (dT, tr\u00edplice viral e hepatite B, COVID-19);<\/li>\n<li>Termos de Compromisso (3 vias) assinadas.<\/li>\n<\/ol>\n<p><strong>Concretiza\u00e7\u00e3o do Termo de Compromisso para Cada Aluno Ter Autorizado o In\u00edcio da Sua Atividade<\/strong><br \/>\nAp\u00f3s o envio de todos os documentos, o aluno deve aguardar a valida\u00e7\u00e3o e acompanhar o cronograma junto \u00e0 sua institui\u00e7\u00e3o de ensino para o in\u00edcio das atividades.<\/p>\n<p><strong>Dia da Acolhida ao Aluno no Hospital<br \/>\n<\/strong>Todo aluno deve agendar participa\u00e7\u00e3o na integra\u00e7\u00e3o, momento em que o estudante receber\u00e1 as orienta\u00e7\u00f5es e normas gerais do hospital.<\/p>\n<p><strong>D\u00favidas e Solicita\u00e7\u00f5es<\/strong><br \/>\nDevem entrar em contato com o setor de ensino atrav\u00e9s do e-mail: <em><strong><a rel=\"noreferrer\">ensinoequalidade@santacasadepelotas.com.br<\/a><\/strong><\/em><\/p>\n<p><strong>Conv\u00eanio de Est\u00e1gios<\/strong><br \/>\nA institui\u00e7\u00e3o que deseja enviar estagi\u00e1rios para realiza\u00e7\u00e3o de est\u00e1gio curricular obrigat\u00f3rio dever\u00e1 firmar ou ter conv\u00eanio com o hospital. O conv\u00eanio \u00e9 o elo entre a empresa e a institui\u00e7\u00e3o de ensino; sem o conv\u00eanio, o termo de compromisso do aluno \u00e9 inv\u00e1lido. Dever\u00e1 ser entregue no setor da biblioteca, em 2 vias do conv\u00eanio devidamente assinado e carimbado.<\/p>\n<p><strong>COREME<br \/>\n<\/strong>A COREME \u00e9 o \u00f3rg\u00e3o competente para manter os entendimentos com a Comiss\u00e3o Nacional de Resid\u00eancia M\u00e9dica atrav\u00e9s de sua diretoria executiva (Resolu\u00e7\u00e3o n.\u00ba 01\/06 CNRM).<\/p>\n<p><strong>Programas de Resid\u00eancia do Hospital:<\/strong><\/p>\n<ul>\n<li>PRM em Medicina Intensiva;<\/li>\n<li>PRM em Ortopedia e Traumatologia;<\/li>\n<li>PRM em Radiologia e Diagn\u00f3stico por Imagem.<\/li>\n<\/ul>\n<p><em><strong><span style=\"font-size: 14pt;\">\u00a0<\/span><\/strong><\/em>[\/vc_column_text][\/vc_column][\/vc_row][vc_row][vc_column]<div class=\"grve-element grve-box grve-align-left\" style=\"\"><div class=\"grve-media\"><img loading=\"lazy\" decoding=\"async\" width=\"2560\" height=\"277\" src=\"https:\/\/santacasadepelotas.com.br\/wp-content\/uploads\/2024\/06\/RODAPE-SITE@4x-100-scaled.jpg\" class=\"attachment-full size-full\" alt=\"\" srcset=\"https:\/\/santacasadepelotas.com.br\/wp-content\/uploads\/2024\/06\/RODAPE-SITE@4x-100-scaled.jpg 2560w, https:\/\/santacasadepelotas.com.br\/wp-content\/uploads\/2024\/06\/RODAPE-SITE@4x-100-300x33.jpg 300w, https:\/\/santacasadepelotas.com.br\/wp-content\/uploads\/2024\/06\/RODAPE-SITE@4x-100-1024x111.jpg 1024w, https:\/\/santacasadepelotas.com.br\/wp-content\/uploads\/2024\/06\/RODAPE-SITE@4x-100-768x83.jpg 768w, https:\/\/santacasadepelotas.com.br\/wp-content\/uploads\/2024\/06\/RODAPE-SITE@4x-100-1536x166.jpg 1536w, https:\/\/santacasadepelotas.com.br\/wp-content\/uploads\/2024\/06\/RODAPE-SITE@4x-100-1920x208.jpg 1920w\" sizes=\"(max-width: 2560px) 100vw, 2560px\" \/><\/div>  <div class=\"grve-box-content\">    <p><\/p>  <\/div><\/div>[\/vc_column][\/vc_row]<\/p>\n","protected":false},"excerpt":{"rendered":"<p>[vc_row][vc_column][vc_column_text]Hist\u00f3ria: Desde outubro de 2006, a Santa Casa de Miseric\u00f3rdia de Pelotas oferece espa\u00e7os que permitem a promo\u00e7\u00e3o e o desenvolvimento do ensino voltado \u00e0 \u00e1rea da sa\u00fade. A Certifica\u00e7\u00e3o da Santa Casa como hospital que apoia o ensino tem como base a Portaria Interministerial n.\u00ba 3.018 de 26 de novembro de 2007, concedida pelo [&hellip;]<\/p>\n","protected":false},"author":6,"featured_media":0,"parent":0,"menu_order":0,"comment_status":"closed","ping_status":"closed","template":"","meta":{"footnotes":""},"_links":{"self":[{"href":"https:\/\/santacasadepelotas.com.br\/index.php\/wp-json\/wp\/v2\/pages\/2232"}],"collection":[{"href":"https:\/\/santacasadepelotas.com.br\/index.php\/wp-json\/wp\/v2\/pages"}],"about":[{"href":"https:\/\/santacasadepelotas.com.br\/index.php\/wp-json\/wp\/v2\/types\/page"}],"author":[{"embeddable":true,"href":"https:\/\/santacasadepelotas.com.br\/index.php\/wp-json\/wp\/v2\/users\/6"}],"replies":[{"embeddable":true,"href":"https:\/\/santacasadepelotas.com.br\/index.php\/wp-json\/wp\/v2\/comments?post=2232"}],"version-history":[{"count":5,"href":"https:\/\/santacasadepelotas.com.br\/index.php\/wp-json\/wp\/v2\/pages\/2232\/revisions"}],"predecessor-version":[{"id":2247,"href":"https:\/\/santacasadepelotas.com.br\/index.php\/wp-json\/wp\/v2\/pages\/2232\/revisions\/2247"}],"wp:attachment":[{"href":"https:\/\/santacasadepelotas.com.br\/index.php\/wp-json\/wp\/v2\/media?parent=2232"}],"curies":[{"name":"wp","href":"https:\/\/api.w.org\/{rel}","templated":true}]}}