{"id":1443,"date":"2022-01-28T11:50:31","date_gmt":"2022-01-28T14:50:31","guid":{"rendered":"http:\/\/santacasadepelotas.com.br\/?page_id=1443"},"modified":"2022-01-28T18:15:54","modified_gmt":"2022-01-28T21:15:54","slug":"doacoes-capela","status":"publish","type":"page","link":"https:\/\/santacasadepelotas.com.br\/index.php\/doacoes-capela\/","title":{"rendered":"Doa\u00e7\u00f5es Capela"},"content":{"rendered":"<p>[vc_row][vc_column]<h3 class=\"grve-element grve-align-left grve-title-no-line grve-h3\" style=\"\"><span>Doa\u00e7\u00f5es Capela<\/span><\/h3>[vc_column_text]A Capela Nossa Senhora M\u00e3e dos Homens, da Santa Casa de Pelotas, est\u00e1 passando por uma importante restaura\u00e7\u00e3o. At\u00e9 o momento suas c\u00fapulas, el\u00e9trica e telhado j\u00e1 foram reformados, permitindo que as missas sejam realizadas com total seguran\u00e7a. Mas ainda h\u00e1 muito trabalho pela frente e voc\u00ea pode fazer a sua parte!<br \/>\nParticipe deste desafio e contribua com a nossa capela, fazendo sua doa\u00e7\u00e3o. \u00c9 f\u00e1cil, r\u00e1pido e seguro:<\/p>\n<p><strong>Como doar:<\/strong><br \/>\n&#8211; Acesse o app do seu banco, aponte a camera do celular p\/o QR Code abaixo e realize a doa\u00e7\u00e3o via PIX;<br \/>\n&#8211; Acesse o link <a href=\"https:\/\/www.asaas.com\/c\/009792934314\">https:\/\/www.asaas.com\/c\/009792934314<\/a> , voc\u00ea ser\u00e1 direcionado \u00e0 nossa p\u00e1gina para doa\u00e7\u00e3o via boleto banc\u00e1rio, cart\u00e3o de cr\u00e9dito ou PIX;<br \/>\n&#8211; Ou copie a chave PIX: 92219559000125 e fa\u00e7a sua doa\u00e7\u00e3o diretamente no app do seu banco.<\/p>\n<p>A Santa Casa de Miseric\u00f3rdia de Pelotas agrade\u00e7e a sua doa\u00e7\u00e3o![\/vc_column_text][vc_column_text]<img loading=\"lazy\" decoding=\"async\" class=\"size-medium wp-image-1446 aligncenter\" src=\"http:\/\/santacasadepelotas.com.br\/wp-content\/uploads\/2022\/01\/QR-Conta-Santa-Casa-300x300.jpeg\" alt=\"\" width=\"300\" height=\"300\" srcset=\"https:\/\/santacasadepelotas.com.br\/wp-content\/uploads\/2022\/01\/QR-Conta-Santa-Casa-300x300.jpeg 300w, https:\/\/santacasadepelotas.com.br\/wp-content\/uploads\/2022\/01\/QR-Conta-Santa-Casa-150x150.jpeg 150w, https:\/\/santacasadepelotas.com.br\/wp-content\/uploads\/2022\/01\/QR-Conta-Santa-Casa-768x770.jpeg 768w, https:\/\/santacasadepelotas.com.br\/wp-content\/uploads\/2022\/01\/QR-Conta-Santa-Casa-1022x1024.jpeg 1022w, https:\/\/santacasadepelotas.com.br\/wp-content\/uploads\/2022\/01\/QR-Conta-Santa-Casa-80x80.jpeg 80w, https:\/\/santacasadepelotas.com.br\/wp-content\/uploads\/2022\/01\/QR-Conta-Santa-Casa-560x560.jpeg 560w, https:\/\/santacasadepelotas.com.br\/wp-content\/uploads\/2022\/01\/QR-Conta-Santa-Casa-1120x1120.jpeg 1120w, https:\/\/santacasadepelotas.com.br\/wp-content\/uploads\/2022\/01\/QR-Conta-Santa-Casa.jpeg 1277w\" sizes=\"(max-width: 300px) 100vw, 300px\" \/>[\/vc_column_text][\/vc_column][\/vc_row]<\/p>\n","protected":false},"excerpt":{"rendered":"<p>[vc_row][vc_column][vc_column_text]A Capela Nossa Senhora M\u00e3e dos Homens, da Santa Casa de Pelotas, est\u00e1 passando por uma importante restaura\u00e7\u00e3o. At\u00e9 o momento suas c\u00fapulas, el\u00e9trica e telhado j\u00e1 foram reformados, permitindo que as missas sejam realizadas com total seguran\u00e7a. Mas ainda h\u00e1 muito trabalho pela frente e voc\u00ea pode fazer a sua parte! Participe deste desafio [&hellip;]<\/p>\n","protected":false},"author":6,"featured_media":0,"parent":0,"menu_order":0,"comment_status":"closed","ping_status":"closed","template":"","meta":{"footnotes":""},"_links":{"self":[{"href":"https:\/\/santacasadepelotas.com.br\/index.php\/wp-json\/wp\/v2\/pages\/1443"}],"collection":[{"href":"https:\/\/santacasadepelotas.com.br\/index.php\/wp-json\/wp\/v2\/pages"}],"about":[{"href":"https:\/\/santacasadepelotas.com.br\/index.php\/wp-json\/wp\/v2\/types\/page"}],"author":[{"embeddable":true,"href":"https:\/\/santacasadepelotas.com.br\/index.php\/wp-json\/wp\/v2\/users\/6"}],"replies":[{"embeddable":true,"href":"https:\/\/santacasadepelotas.com.br\/index.php\/wp-json\/wp\/v2\/comments?post=1443"}],"version-history":[{"count":6,"href":"https:\/\/santacasadepelotas.com.br\/index.php\/wp-json\/wp\/v2\/pages\/1443\/revisions"}],"predecessor-version":[{"id":1457,"href":"https:\/\/santacasadepelotas.com.br\/index.php\/wp-json\/wp\/v2\/pages\/1443\/revisions\/1457"}],"wp:attachment":[{"href":"https:\/\/santacasadepelotas.com.br\/index.php\/wp-json\/wp\/v2\/media?parent=1443"}],"curies":[{"name":"wp","href":"https:\/\/api.w.org\/{rel}","templated":true}]}}