{"id":1295,"date":"2021-08-25T20:59:59","date_gmt":"2021-08-25T23:59:59","guid":{"rendered":"http:\/\/santacasadepelotas.com.br\/?page_id=1295"},"modified":"2025-10-28T16:18:59","modified_gmt":"2025-10-28T19:18:59","slug":"transparencia","status":"publish","type":"page","link":"https:\/\/santacasadepelotas.com.br\/index.php\/transparencia\/","title":{"rendered":"Transpar\u00eancia"},"content":{"rendered":"<p>[vc_row][vc_column][vc_column_text]<\/p>\n<p>[\/vc_column_text][\/vc_column][\/vc_row][vc_row][vc_column]<h3 class=\"grve-element grve-align-left grve-title-no-line grve-h3\" style=\"\"><span>Portal da Transpar\u00eancia Santa Casa de Pelotas<\/span><\/h3>[vc_column_text]<span dir=\"auto\" style=\"vertical-align: inherit;\"><span dir=\"auto\" style=\"vertical-align: inherit;\">Aqui voc\u00ea fica por dentro de informa\u00e7\u00f5es importantes sobre a Institui\u00e7\u00e3o<\/span><\/span>[\/vc_column_text][\/vc_column][\/vc_row][vc_row][vc_column][vc_column_text][\/vc_column_text][\/vc_column][\/vc_row][vc_row][vc_column]\t\t<div class=\"grve-element grve-blog grve-large-media grve-non-isotope\" style=\"\" >\n\t\t\t<div class=\"grve-standard-container\">\n\t\t\t<article id=\"post-3700\" class=\"grve-blog-item grve-big-post grve-non-isotope-item post-3700 post type-post status-publish format-standard hentry category-transparencia category-transparencia-transparencia\" itemscope itemType=\"http:\/\/schema.org\/BlogPosting\">\n\t\t\t\t\t\t\t\t\t\n\t\t\t\t\t\t\t\t\t\t\t<div class=\"grve-post-content\">\n\t\t\t\t\t\t\t<a href=\"https:\/\/santacasadepelotas.com.br\/index.php\/2025\/09\/30\/novo-hospital-dia\/\" rel=\"bookmark\"><h4 class=\"grve-post-title\" itemprop=\"name headline\">Novo Hospital Dia<\/h4><\/a>\t\t\t\t\t\t\t\t\t<span class=\"grve-hidden\">\n\t\t\t<span class=\"grve-structured-data\" itemprop=\"image\" itemscope itemtype=\"http:\/\/schema.org\/ImageObject\">\n\t\t\t   <span itemprop='url' >https:\/\/santacasadepelotas.com.br\/wp-content\/themes\/santacasa\/images\/empty\/thumbnail.jpg<\/span>\n\t\t\t   <span itemprop='height' >150<\/span>\n\t\t\t   <span itemprop='width' >150<\/span>\n\t\t\t<\/span>\n\t\t\t\t\t\t<span class=\"grve-structured-data\" itemprop=\"author\" itemscope itemtype=\"http:\/\/schema.org\/Person\">\n\t\t\t\t<span itemprop=\"name\">Santa Casa de Miseric\u00f3rdia de Pelotas<\/span>\n\t\t\t<\/span>\n\t\t\t<span class=\"grve-structured-data\" itemprop=\"publisher\" itemscope itemtype=\"http:\/\/schema.org\/Organization\">\n\t\t\t\t<span itemprop='name'>Santa Casa de Miseric\u00f3rdia de Pelotas<\/span>\n\t\t\t\t<span itemprop='logo' itemscope itemtype='http:\/\/schema.org\/ImageObject'>\n\t\t\t\t\t<span itemprop='url'>https:\/\/santacasadepelotas.com.br\/wp-content\/themes\/santacasa\/images\/empty\/thumbnail.jpg<\/span>\n\t\t\t\t<\/span>\n\t\t\t<\/span>\n\t\t\t\t\t\t<time class=\"grve-structured-data\" itemprop=\"datePublished\" datetime=\"2025-09-30T08:38:48-03:00\">30\/09\/2025<\/time>\n\t\t\t<time class=\"grve-structured-data\" itemprop=\"dateModified\"  datetime=\"2025-10-01T18:11:22-03:00\">01\/10\/2025<\/time>\n\t\t\t<span class=\"grve-structured-data\" itemprop=\"mainEntityOfPage\" itemscope itemtype=\"http:\/\/schema.org\/WebPage\" itemid=\"https:\/\/santacasadepelotas.com.br\/index.php\/2025\/09\/30\/novo-hospital-dia\/\"><\/span>\n\t\t<\/span>\n\t\t\t\t\t\t\t\t<div class=\"grve-post-meta\">\n\t\t\t\t\t\t\t\t\t<time class=\"grve-post-date\" datetime=\"2025-09-30T08:38:48-03:00\">\n\t\t30\/09\/2025\t<\/time>\n\t<div class=\"grve-post-comments grve-small-text\">\n\t\t<span class=\"grve-icon-comment\"><\/span> 0\t<\/div>\n\t\t\t\t\t\t\t<\/div>\n\t\t\t\t\t\t\t<div itemprop=\"articleBody\"><p>&nbsp;<\/p>\n<p>A Santa Casa de Miseric\u00f3rdia de Pelotas, em parceria com o Governo do Estado do Rio Grande do Sul, iniciou um importante projeto de moderniza\u00e7\u00e3o de sua estrutura f\u00edsica.<\/p>\n<p>A obra est\u00e1 sendo financiada pelo Programa Avan\u00e7ar do Governo do Estado do RS, com investimento total de R$ 14.049.144,42.<\/p>\n<p>No dia 15 de julho de 2025, foi efetuado o pagamento da primeira parcela do conv\u00eanio. J\u00e1 em agosto de 2025, ocorreu a contrata\u00e7\u00e3o da empresa respons\u00e1vel pela demoli\u00e7\u00e3o do pr\u00e9dio antigo, primeira etapa da obra.<\/p>\n<p>Os trabalhos de demoli\u00e7\u00e3o tiveram in\u00edcio em 01 de setembro de 2025 e atualmente encontram-se com 50% da execu\u00e7\u00e3o conclu\u00edda.<\/p>\n<p>&nbsp;<\/p>\n<p>Para mais informa\u00e7\u00f5es do termo de conv\u00eanio &#8211; OBRAS acesse o link <a href=\"http:\/\/santacasadepelotas.com.br\/wp-content\/uploads\/2025\/09\/Convenio-hospital-dia-DOC-20250708-WA0233.pdf\">Conv\u00eanio hospital dia &#8211; DOC-20250708-WA0233.<\/a><\/p>\n<\/div>\t\t\t\t\t\t<\/div>\n\t\t\t\t\t\n\t\t\t\t\t\t\t<\/article>\n\n\t\t\t<article id=\"post-3027\" class=\"grve-blog-item grve-big-post grve-non-isotope-item post-3027 post type-post status-publish format-standard hentry category-transparencia category-transparencia-transparencia tag-emendas tag-transparencia\" itemscope itemType=\"http:\/\/schema.org\/BlogPosting\">\n\t\t\t\t\t\t\t\t\t\n\t\t\t\t\t\t\t\t\t\t\t<div class=\"grve-post-content\">\n\t\t\t\t\t\t\t<a href=\"https:\/\/santacasadepelotas.com.br\/index.php\/2025\/04\/28\/transparencia\/\" rel=\"bookmark\"><h4 class=\"grve-post-title\" itemprop=\"name headline\">EMENDAS FEDERAIS ATUALIZADAS<\/h4><\/a>\t\t\t\t\t\t\t\t\t<span class=\"grve-hidden\">\n\t\t\t<span class=\"grve-structured-data\" itemprop=\"image\" itemscope itemtype=\"http:\/\/schema.org\/ImageObject\">\n\t\t\t   <span itemprop='url' >https:\/\/santacasadepelotas.com.br\/wp-content\/themes\/santacasa\/images\/empty\/thumbnail.jpg<\/span>\n\t\t\t   <span itemprop='height' >150<\/span>\n\t\t\t   <span itemprop='width' >150<\/span>\n\t\t\t<\/span>\n\t\t\t\t\t\t<span class=\"grve-structured-data\" itemprop=\"author\" itemscope itemtype=\"http:\/\/schema.org\/Person\">\n\t\t\t\t<span itemprop=\"name\">Santa Casa de Miseric\u00f3rdia de Pelotas<\/span>\n\t\t\t<\/span>\n\t\t\t<span class=\"grve-structured-data\" itemprop=\"publisher\" itemscope itemtype=\"http:\/\/schema.org\/Organization\">\n\t\t\t\t<span itemprop='name'>Santa Casa de Miseric\u00f3rdia de Pelotas<\/span>\n\t\t\t\t<span itemprop='logo' itemscope itemtype='http:\/\/schema.org\/ImageObject'>\n\t\t\t\t\t<span itemprop='url'>https:\/\/santacasadepelotas.com.br\/wp-content\/themes\/santacasa\/images\/empty\/thumbnail.jpg<\/span>\n\t\t\t\t<\/span>\n\t\t\t<\/span>\n\t\t\t\t\t\t<time class=\"grve-structured-data\" itemprop=\"datePublished\" datetime=\"2025-04-28T14:15:07-03:00\">28\/04\/2025<\/time>\n\t\t\t<time class=\"grve-structured-data\" itemprop=\"dateModified\"  datetime=\"2025-05-22T17:09:32-03:00\">22\/05\/2025<\/time>\n\t\t\t<span class=\"grve-structured-data\" itemprop=\"mainEntityOfPage\" itemscope itemtype=\"http:\/\/schema.org\/WebPage\" itemid=\"https:\/\/santacasadepelotas.com.br\/index.php\/2025\/04\/28\/transparencia\/\"><\/span>\n\t\t<\/span>\n\t\t\t\t\t\t\t\t<div class=\"grve-post-meta\">\n\t\t\t\t\t\t\t\t\t<time class=\"grve-post-date\" datetime=\"2025-04-28T14:15:07-03:00\">\n\t\t28\/04\/2025\t<\/time>\n\t<div class=\"grve-post-comments grve-small-text\">\n\t\t<span class=\"grve-icon-comment\"><\/span> 0\t<\/div>\n\t\t\t\t\t\t\t<\/div>\n\t\t\t\t\t\t\t<div itemprop=\"articleBody\"><h5 class=\"grve-post-title\"><span style=\"vertical-align: inherit;\">EMENDAS FEDERAIS ATUALIZADAS<\/span><\/h5>\n<div class=\"grve-post-meta\"><\/div>\n<p><strong><span style=\"vertical-align: inherit;\">Transpar\u00eancia e Compromisso!<\/span><\/strong><\/p>\n<p><span style=\"vertical-align: inherit;\">As Emendas Federais Atualizadas da Santa Casa de Miseric\u00f3rdia de Pelotas j\u00e1 est\u00e3o dispon\u00edveis! Confira as informa\u00e7\u00f5es no link abaixo e acompanhe de perto os investimentos em nossa institui\u00e7\u00e3o. Acesse: <\/span><a href=\"http:\/\/santacasadepelotas.com.br\/wp-content\/uploads\/2025\/03\/Site-emenda-federais-equipamentos.pdf\"><span style=\"vertical-align: inherit;\">Emenda Federais Atualizadas<\/span><\/a><\/p>\n<\/div>\t\t\t\t\t\t<\/div>\n\t\t\t\t\t\n\t\t\t\t\t\t\t<\/article>\n\n\t\t\t<article id=\"post-2928\" class=\"grve-blog-item grve-big-post grve-non-isotope-item post-2928 post type-post status-publish format-standard has-post-thumbnail hentry category-editais category-transparencia\" itemscope itemType=\"http:\/\/schema.org\/BlogPosting\">\n\t\t\t\t\t\t\t\t\t\t\t<div class=\"grve-media grve-image-hover\">\n\t\t\t<a href=\"https:\/\/santacasadepelotas.com.br\/index.php\/2025\/03\/28\/balaco-patrimonial-do-exercicio-do-ano-de-2024\/\" target=\"_self\"><img loading=\"lazy\" decoding=\"async\" width=\"370\" height=\"208\" src=\"https:\/\/santacasadepelotas.com.br\/wp-content\/uploads\/2025\/03\/Balanco-patrimonial-1.png\" class=\"attachment-grve-image-large-rect-horizontal size-grve-image-large-rect-horizontal wp-post-image\" alt=\"\" srcset=\"https:\/\/santacasadepelotas.com.br\/wp-content\/uploads\/2025\/03\/Balanco-patrimonial-1.png 370w, https:\/\/santacasadepelotas.com.br\/wp-content\/uploads\/2025\/03\/Balanco-patrimonial-1-300x169.png 300w\" sizes=\"(max-width: 370px) 100vw, 370px\" \/><\/a>\n\t\t<\/div>\n\n\t\t\t\t\t\t\t\t\t\t\t<div class=\"grve-post-content\">\n\t\t\t\t\t\t\t<a href=\"https:\/\/santacasadepelotas.com.br\/index.php\/2025\/03\/28\/balaco-patrimonial-do-exercicio-do-ano-de-2024\/\" rel=\"bookmark\"><h4 class=\"grve-post-title\" itemprop=\"name headline\">Balan\u00e7o Patrimonial do Exerc\u00edcio do ano de 2024<\/h4><\/a>\t\t\t\t\t\t\t\t\t<span class=\"grve-hidden\">\n\t\t\t<span class=\"grve-structured-data\" itemprop=\"image\" itemscope itemtype=\"http:\/\/schema.org\/ImageObject\">\n\t\t\t   <span itemprop='url' >https:\/\/santacasadepelotas.com.br\/wp-content\/uploads\/2025\/03\/Balanco-patrimonial-1.png<\/span>\n\t\t\t   <span itemprop='height' >370<\/span>\n\t\t\t   <span itemprop='width' >208<\/span>\n\t\t\t<\/span>\n\t\t\t\t\t\t<span class=\"grve-structured-data\" itemprop=\"author\" itemscope itemtype=\"http:\/\/schema.org\/Person\">\n\t\t\t\t<span itemprop=\"name\">Santa Casa de Miseric\u00f3rdia de Pelotas<\/span>\n\t\t\t<\/span>\n\t\t\t<span class=\"grve-structured-data\" itemprop=\"publisher\" itemscope itemtype=\"http:\/\/schema.org\/Organization\">\n\t\t\t\t<span itemprop='name'>Santa Casa de Miseric\u00f3rdia de Pelotas<\/span>\n\t\t\t\t<span itemprop='logo' itemscope itemtype='http:\/\/schema.org\/ImageObject'>\n\t\t\t\t\t<span itemprop='url'>https:\/\/santacasadepelotas.com.br\/wp-content\/uploads\/2025\/03\/Balanco-patrimonial-1.png<\/span>\n\t\t\t\t<\/span>\n\t\t\t<\/span>\n\t\t\t\t\t\t<time class=\"grve-structured-data\" itemprop=\"datePublished\" datetime=\"2025-03-28T09:52:29-03:00\">28\/03\/2025<\/time>\n\t\t\t<time class=\"grve-structured-data\" itemprop=\"dateModified\"  datetime=\"2025-10-28T16:32:40-03:00\">28\/10\/2025<\/time>\n\t\t\t<span class=\"grve-structured-data\" itemprop=\"mainEntityOfPage\" itemscope itemtype=\"http:\/\/schema.org\/WebPage\" itemid=\"https:\/\/santacasadepelotas.com.br\/index.php\/2025\/03\/28\/balaco-patrimonial-do-exercicio-do-ano-de-2024\/\"><\/span>\n\t\t<\/span>\n\t\t\t\t\t\t\t\t<div class=\"grve-post-meta\">\n\t\t\t\t\t\t\t\t\t<time class=\"grve-post-date\" datetime=\"2025-03-28T09:52:29-03:00\">\n\t\t28\/03\/2025\t<\/time>\n\t<div class=\"grve-post-comments grve-small-text\">\n\t\t<span class=\"grve-icon-comment\"><\/span> 0\t<\/div>\n\t\t\t\t\t\t\t<\/div>\n\t\t\t\t\t\t\t<div itemprop=\"articleBody\"><p><strong>Balan\u00e7o Patrimonial do Exerc\u00edcio do ano de 2024:<\/strong><\/p>\n<p>Confira os documentos anexados abaixo, para ter acesso ao Balan\u00e7o Patrimonial do Exerc\u00edcio do ano de 2024<\/p>\n<p>\u2013 Parecer da Auditoria Independente<\/p>\n<p><a href=\"http:\/\/santacasadepelotas.com.br\/wp-content\/uploads\/2025\/03\/Parecer-do-Auditor-Independente-DFs-2024.pdf\">Parecer do Auditor Independente DFs 2024<\/a><\/p>\n<p>\u2013 Parecer do Conselho Fiscal<br \/>\n<a href=\"http:\/\/santacasadepelotas.com.br\/wp-content\/uploads\/2025\/03\/Parecer-Conselho-Fiscal.pdf\">Parecer Conselho Fiscal<\/a><\/p>\n<p>\u2013 Balan\u00e7o Patrimonial do Exerc\u00edcio de 2024<br \/>\n<a href=\"http:\/\/santacasadepelotas.com.br\/wp-content\/uploads\/2025\/03\/Balanco-Patrimonial-2024.pdf\">Balan\u00e7o Patrimonial 2024<\/a><\/p>\n<\/div>\t\t\t\t\t\t<\/div>\n\t\t\t\t\t\n\t\t\t\t\t\t\t<\/article>\n\n\t\t\t<article id=\"post-2621\" class=\"grve-blog-item grve-big-post grve-non-isotope-item post-2621 post type-post status-publish format-standard has-post-thumbnail hentry category-editais category-transparencia\" itemscope itemType=\"http:\/\/schema.org\/BlogPosting\">\n\t\t\t\t\t\t\t\t\t\t\t<div class=\"grve-media grve-image-hover\">\n\t\t\t<a href=\"https:\/\/santacasadepelotas.com.br\/index.php\/2024\/12\/20\/2621\/\" target=\"_self\"><img loading=\"lazy\" decoding=\"async\" width=\"1170\" height=\"658\" src=\"https:\/\/santacasadepelotas.com.br\/wp-content\/uploads\/2024\/12\/BALANCO-2023-2@4x-100-1170x658.jpg\" class=\"attachment-grve-image-large-rect-horizontal size-grve-image-large-rect-horizontal wp-post-image\" alt=\"\" srcset=\"https:\/\/santacasadepelotas.com.br\/wp-content\/uploads\/2024\/12\/BALANCO-2023-2@4x-100-1170x658.jpg 1170w, https:\/\/santacasadepelotas.com.br\/wp-content\/uploads\/2024\/12\/BALANCO-2023-2@4x-100-560x315.jpg 560w\" sizes=\"(max-width: 1170px) 100vw, 1170px\" \/><\/a>\n\t\t<\/div>\n\n\t\t\t\t\t\t\t\t\t\t\t<div class=\"grve-post-content\">\n\t\t\t\t\t\t\t<a href=\"https:\/\/santacasadepelotas.com.br\/index.php\/2024\/12\/20\/2621\/\" rel=\"bookmark\"><h4 class=\"grve-post-title\" itemprop=\"name headline\">Balan\u00e7o Patrimonial do Exerc\u00edcio de 2023<\/h4><\/a>\t\t\t\t\t\t\t\t\t<span class=\"grve-hidden\">\n\t\t\t<span class=\"grve-structured-data\" itemprop=\"image\" itemscope itemtype=\"http:\/\/schema.org\/ImageObject\">\n\t\t\t   <span itemprop='url' >https:\/\/santacasadepelotas.com.br\/wp-content\/uploads\/2024\/12\/BALANCO-2023-2@4x-100-1024x422.jpg<\/span>\n\t\t\t   <span itemprop='height' >1024<\/span>\n\t\t\t   <span itemprop='width' >422<\/span>\n\t\t\t<\/span>\n\t\t\t\t\t\t<span class=\"grve-structured-data\" itemprop=\"author\" itemscope itemtype=\"http:\/\/schema.org\/Person\">\n\t\t\t\t<span itemprop=\"name\">Santa Casa de Miseric\u00f3rdia de Pelotas<\/span>\n\t\t\t<\/span>\n\t\t\t<span class=\"grve-structured-data\" itemprop=\"publisher\" itemscope itemtype=\"http:\/\/schema.org\/Organization\">\n\t\t\t\t<span itemprop='name'>Santa Casa de Miseric\u00f3rdia de Pelotas<\/span>\n\t\t\t\t<span itemprop='logo' itemscope itemtype='http:\/\/schema.org\/ImageObject'>\n\t\t\t\t\t<span itemprop='url'>https:\/\/santacasadepelotas.com.br\/wp-content\/uploads\/2024\/12\/BALANCO-2023-2@4x-100-1024x422.jpg<\/span>\n\t\t\t\t<\/span>\n\t\t\t<\/span>\n\t\t\t\t\t\t<time class=\"grve-structured-data\" itemprop=\"datePublished\" datetime=\"2024-12-20T11:31:07-03:00\">20\/12\/2024<\/time>\n\t\t\t<time class=\"grve-structured-data\" itemprop=\"dateModified\"  datetime=\"2025-10-28T16:31:33-03:00\">28\/10\/2025<\/time>\n\t\t\t<span class=\"grve-structured-data\" itemprop=\"mainEntityOfPage\" itemscope itemtype=\"http:\/\/schema.org\/WebPage\" itemid=\"https:\/\/santacasadepelotas.com.br\/index.php\/2024\/12\/20\/2621\/\"><\/span>\n\t\t<\/span>\n\t\t\t\t\t\t\t\t<div class=\"grve-post-meta\">\n\t\t\t\t\t\t\t\t\t<time class=\"grve-post-date\" datetime=\"2024-12-20T11:31:07-03:00\">\n\t\t20\/12\/2024\t<\/time>\n\t<div class=\"grve-post-comments grve-small-text\">\n\t\t<span class=\"grve-icon-comment\"><\/span> 0\t<\/div>\n\t\t\t\t\t\t\t<\/div>\n\t\t\t\t\t\t\t<div itemprop=\"articleBody\"><p><strong>Bala\u00e7o Patrimonial do Exerc\u00edcio do ano de 2023:<\/strong><\/p>\n<p>Confira os documentos anexados abaixo, para ter acesso ao Bala\u00e7o Patrimonial do Exerc\u00edcio do ano de 2023<\/p>\n<p>\u2013 Parecer da Auditoria Independente<\/p>\n<p><a href=\"http:\/\/santacasadepelotas.com.br\/wp-content\/uploads\/2024\/12\/Balanco-assinado-1.pdf\">Parecer do Auditor Independente DFs 2023<\/a><\/p>\n<p>\u2013 Parecer do Conselho Fiscal<br \/>\n<a href=\"http:\/\/santacasadepelotas.com.br\/wp-content\/uploads\/2024\/12\/Parecer-conselho.pdf\">Parecer do Conselho Fiscal<\/a><\/p>\n<p>\u2013 Balan\u00e7o Patrimonial do Exerc\u00edcio de 2023<br \/>\n<a href=\"http:\/\/santacasadepelotas.com.br\/wp-content\/uploads\/2024\/12\/Balanco-assinado.pdf\">Balan\u00e7o patrimonial 2023<\/a><\/p>\n<p>&nbsp;<\/p>\n<\/div>\t\t\t\t\t\t<\/div>\n\t\t\t\t\t\n\t\t\t\t\t\t\t<\/article>\n\n\t\t\t<article id=\"post-2064\" class=\"grve-blog-item grve-big-post grve-non-isotope-item post-2064 post type-post status-publish format-standard has-post-thumbnail hentry category-editais category-transparencia\" itemscope itemType=\"http:\/\/schema.org\/BlogPosting\">\n\t\t\t\t\t\t\t\t\t\t\t<div class=\"grve-media grve-image-hover\">\n\t\t\t<a href=\"https:\/\/santacasadepelotas.com.br\/index.php\/2023\/03\/15\/balanco-patrimonial-do-exercicio-de-2022\/\" target=\"_self\"><img loading=\"lazy\" decoding=\"async\" width=\"1170\" height=\"658\" src=\"https:\/\/santacasadepelotas.com.br\/wp-content\/uploads\/2024\/04\/BALANCO-patrimonial-2@4x-100-1170x658.jpg\" class=\"attachment-grve-image-large-rect-horizontal size-grve-image-large-rect-horizontal wp-post-image\" alt=\"\" srcset=\"https:\/\/santacasadepelotas.com.br\/wp-content\/uploads\/2024\/04\/BALANCO-patrimonial-2@4x-100-1170x658.jpg 1170w, https:\/\/santacasadepelotas.com.br\/wp-content\/uploads\/2024\/04\/BALANCO-patrimonial-2@4x-100-560x315.jpg 560w\" sizes=\"(max-width: 1170px) 100vw, 1170px\" \/><\/a>\n\t\t<\/div>\n\n\t\t\t\t\t\t\t\t\t\t\t<div class=\"grve-post-content\">\n\t\t\t\t\t\t\t<a href=\"https:\/\/santacasadepelotas.com.br\/index.php\/2023\/03\/15\/balanco-patrimonial-do-exercicio-de-2022\/\" rel=\"bookmark\"><h4 class=\"grve-post-title\" itemprop=\"name headline\">Balan\u00e7o Patrimonial do Exerc\u00edcio de 2022<\/h4><\/a>\t\t\t\t\t\t\t\t\t<span class=\"grve-hidden\">\n\t\t\t<span class=\"grve-structured-data\" itemprop=\"image\" itemscope itemtype=\"http:\/\/schema.org\/ImageObject\">\n\t\t\t   <span itemprop='url' >https:\/\/santacasadepelotas.com.br\/wp-content\/uploads\/2024\/04\/BALANCO-patrimonial-2@4x-100-1024x614.jpg<\/span>\n\t\t\t   <span itemprop='height' >1024<\/span>\n\t\t\t   <span itemprop='width' >614<\/span>\n\t\t\t<\/span>\n\t\t\t\t\t\t<span class=\"grve-structured-data\" itemprop=\"author\" itemscope itemtype=\"http:\/\/schema.org\/Person\">\n\t\t\t\t<span itemprop=\"name\">Santa Casa de Miseric\u00f3rdia de Pelotas<\/span>\n\t\t\t<\/span>\n\t\t\t<span class=\"grve-structured-data\" itemprop=\"publisher\" itemscope itemtype=\"http:\/\/schema.org\/Organization\">\n\t\t\t\t<span itemprop='name'>Santa Casa de Miseric\u00f3rdia de Pelotas<\/span>\n\t\t\t\t<span itemprop='logo' itemscope itemtype='http:\/\/schema.org\/ImageObject'>\n\t\t\t\t\t<span itemprop='url'>https:\/\/santacasadepelotas.com.br\/wp-content\/uploads\/2024\/04\/BALANCO-patrimonial-2@4x-100-1024x614.jpg<\/span>\n\t\t\t\t<\/span>\n\t\t\t<\/span>\n\t\t\t\t\t\t<time class=\"grve-structured-data\" itemprop=\"datePublished\" datetime=\"2023-03-15T16:57:20-03:00\">15\/03\/2023<\/time>\n\t\t\t<time class=\"grve-structured-data\" itemprop=\"dateModified\"  datetime=\"2025-10-28T16:31:55-03:00\">28\/10\/2025<\/time>\n\t\t\t<span class=\"grve-structured-data\" itemprop=\"mainEntityOfPage\" itemscope itemtype=\"http:\/\/schema.org\/WebPage\" itemid=\"https:\/\/santacasadepelotas.com.br\/index.php\/2023\/03\/15\/balanco-patrimonial-do-exercicio-de-2022\/\"><\/span>\n\t\t<\/span>\n\t\t\t\t\t\t\t\t<div class=\"grve-post-meta\">\n\t\t\t\t\t\t\t\t\t<time class=\"grve-post-date\" datetime=\"2023-03-15T16:57:20-03:00\">\n\t\t15\/03\/2023\t<\/time>\n\t<div class=\"grve-post-comments grve-small-text\">\n\t\t<span class=\"grve-icon-comment\"><\/span> 0\t<\/div>\n\t\t\t\t\t\t\t<\/div>\n\t\t\t\t\t\t\t<div itemprop=\"articleBody\"><p>&nbsp;<\/p>\n<p><span style=\"font-size: 14pt;\">Confira os documentos anexados abaixo, para ter acesso ao Bala\u00e7o Patrimonial do Exerc\u00edcio do ano de 2022:<\/span><\/p>\n<p><span style=\"font-size: 14pt;\">\u2013 Parecer da Auditoria Independente<\/span><br \/>\n<span style=\"font-size: 14pt;\">\u00a0\u00a0<a href=\"http:\/\/santacasadepelotas.com.br\/wp-content\/uploads\/2024\/04\/PARECER-DO-AUDITOR-INDEPENDENTE-DFs-2022.pdf\">PARECER DO AUDITOR INDEPENDENTE DFs 2022<\/a>\u00a0<\/span><\/p>\n<p><span style=\"font-size: 14pt;\">\u2013 Parecer do Conselho Fiscal<\/span><br \/>\n<span style=\"font-size: 14pt;\"><a href=\"http:\/\/santacasadepelotas.com.br\/wp-content\/uploads\/2024\/04\/Parecer-do-Conselho-Fiscal.pdf\">Parecer do Conselho Fiscal<\/a><\/span><\/p>\n<p><span style=\"font-size: 14pt;\">\u2013 Balan\u00e7o Patrimonial do Exerc\u00edcio de 2022<\/span><br \/>\n<span style=\"font-size: 14pt;\"><a href=\"http:\/\/santacasadepelotas.com.br\/wp-content\/uploads\/2024\/04\/Balanco-patrimonial-2022.pdf\">Balan\u00e7o patrimonial 2022<\/a><\/span><\/p>\n<\/div>\t\t\t\t\t\t<\/div>\n\t\t\t\t\t\n\t\t\t\t\t\t\t<\/article>\n\n\t\t\t<article id=\"post-1483\" class=\"grve-blog-item grve-big-post grve-non-isotope-item post-1483 post type-post status-publish format-standard has-post-thumbnail hentry category-editais category-transparencia\" itemscope itemType=\"http:\/\/schema.org\/BlogPosting\">\n\t\t\t\t\t\t\t\t\t\t\t<div class=\"grve-media grve-image-hover\">\n\t\t\t<a href=\"https:\/\/santacasadepelotas.com.br\/index.php\/2022\/05\/03\/balanco-2021\/\" target=\"_self\"><img loading=\"lazy\" decoding=\"async\" width=\"1170\" height=\"658\" src=\"https:\/\/santacasadepelotas.com.br\/wp-content\/uploads\/2022\/05\/Site_Prancheta-1_Prancheta-1-1-1170x658.png\" class=\"attachment-grve-image-large-rect-horizontal size-grve-image-large-rect-horizontal wp-post-image\" alt=\"\" srcset=\"https:\/\/santacasadepelotas.com.br\/wp-content\/uploads\/2022\/05\/Site_Prancheta-1_Prancheta-1-1-1170x658.png 1170w, https:\/\/santacasadepelotas.com.br\/wp-content\/uploads\/2022\/05\/Site_Prancheta-1_Prancheta-1-1-300x169.png 300w, https:\/\/santacasadepelotas.com.br\/wp-content\/uploads\/2022\/05\/Site_Prancheta-1_Prancheta-1-1-768x432.png 768w, https:\/\/santacasadepelotas.com.br\/wp-content\/uploads\/2022\/05\/Site_Prancheta-1_Prancheta-1-1-1024x576.png 1024w, https:\/\/santacasadepelotas.com.br\/wp-content\/uploads\/2022\/05\/Site_Prancheta-1_Prancheta-1-1-560x315.png 560w, https:\/\/santacasadepelotas.com.br\/wp-content\/uploads\/2022\/05\/Site_Prancheta-1_Prancheta-1-1-1920x1080.png 1920w\" sizes=\"(max-width: 1170px) 100vw, 1170px\" \/><\/a>\n\t\t<\/div>\n\n\t\t\t\t\t\t\t\t\t\t\t<div class=\"grve-post-content\">\n\t\t\t\t\t\t\t<a href=\"https:\/\/santacasadepelotas.com.br\/index.php\/2022\/05\/03\/balanco-2021\/\" rel=\"bookmark\"><h4 class=\"grve-post-title\" itemprop=\"name headline\">Balan\u00e7o Patrimonial do Exerc\u00edcio de 2021<\/h4><\/a>\t\t\t\t\t\t\t\t\t<span class=\"grve-hidden\">\n\t\t\t<span class=\"grve-structured-data\" itemprop=\"image\" itemscope itemtype=\"http:\/\/schema.org\/ImageObject\">\n\t\t\t   <span itemprop='url' >https:\/\/santacasadepelotas.com.br\/wp-content\/uploads\/2022\/05\/Site_Prancheta-1_Prancheta-1-1-1024x576.png<\/span>\n\t\t\t   <span itemprop='height' >1024<\/span>\n\t\t\t   <span itemprop='width' >576<\/span>\n\t\t\t<\/span>\n\t\t\t\t\t\t<span class=\"grve-structured-data\" itemprop=\"author\" itemscope itemtype=\"http:\/\/schema.org\/Person\">\n\t\t\t\t<span itemprop=\"name\">Santa Casa de Miseric\u00f3rdia de Pelotas<\/span>\n\t\t\t<\/span>\n\t\t\t<span class=\"grve-structured-data\" itemprop=\"publisher\" itemscope itemtype=\"http:\/\/schema.org\/Organization\">\n\t\t\t\t<span itemprop='name'>Santa Casa de Miseric\u00f3rdia de Pelotas<\/span>\n\t\t\t\t<span itemprop='logo' itemscope itemtype='http:\/\/schema.org\/ImageObject'>\n\t\t\t\t\t<span itemprop='url'>https:\/\/santacasadepelotas.com.br\/wp-content\/uploads\/2022\/05\/Site_Prancheta-1_Prancheta-1-1-1024x576.png<\/span>\n\t\t\t\t<\/span>\n\t\t\t<\/span>\n\t\t\t\t\t\t<time class=\"grve-structured-data\" itemprop=\"datePublished\" datetime=\"2022-05-03T10:14:04-03:00\">03\/05\/2022<\/time>\n\t\t\t<time class=\"grve-structured-data\" itemprop=\"dateModified\"  datetime=\"2025-10-28T16:32:24-03:00\">28\/10\/2025<\/time>\n\t\t\t<span class=\"grve-structured-data\" itemprop=\"mainEntityOfPage\" itemscope itemtype=\"http:\/\/schema.org\/WebPage\" itemid=\"https:\/\/santacasadepelotas.com.br\/index.php\/2022\/05\/03\/balanco-2021\/\"><\/span>\n\t\t<\/span>\n\t\t\t\t\t\t\t\t<div class=\"grve-post-meta\">\n\t\t\t\t\t\t\t\t\t<time class=\"grve-post-date\" datetime=\"2022-05-03T10:14:04-03:00\">\n\t\t03\/05\/2022\t<\/time>\n\t<div class=\"grve-post-comments grve-small-text\">\n\t\t<span class=\"grve-icon-comment\"><\/span> 0\t<\/div>\n\t\t\t\t\t\t\t<\/div>\n\t\t\t\t\t\t\t<div itemprop=\"articleBody\"><p>&nbsp;<\/p>\n<p>&nbsp;<\/p>\n<p>Confira os documentos anexados abaixo, para ter acesso ao Bala\u00e7o Patrimonial do Exerc\u00edcio do ano de 2021:<\/p>\n<p>&#8211; Parecer da Auditoria Independente<br \/>\n<a href=\"http:\/\/santacasadepelotas.com.br\/wp-content\/uploads\/2022\/05\/Parecer-da-Auditoria-Independente.pdf\">Parecer da Auditoria Independente<\/a><\/p>\n<p>&#8211; Parecer do Conselho Fiscal<br \/>\n<a href=\"http:\/\/santacasadepelotas.com.br\/wp-content\/uploads\/2022\/05\/Parecer-do-Conselho-FIscal.pdf\">Parecer do Conselho FIscal<\/a><\/p>\n<p>&#8211; Balan\u00e7o Patrimonial do Exerc\u00edcio de 2021<br \/>\n<a href=\"http:\/\/santacasadepelotas.com.br\/wp-content\/uploads\/2022\/05\/Balan\u00e7o-Patrimonial-Exerc\u00edcio-2021.pdf\">Balan\u00e7o Patrimonial Exerc\u00edcio 2021<\/a><\/p>\n<\/div>\t\t\t\t\t\t<\/div>\n\t\t\t\t\t\n\t\t\t\t\t\t\t<\/article>\n\n\t\t\t<\/div>\n\t\t<\/div>\n[\/vc_column][\/vc_row]<\/p>\n","protected":false},"excerpt":{"rendered":"<p>[vc_row][vc_column][vc_column_text] [\/vc_column_text][\/vc_column][\/vc_row][vc_row][vc_column][vc_column_text]Aqui voc\u00ea fica por dentro de informa\u00e7\u00f5es importantes sobre a Institui\u00e7\u00e3o[\/vc_column_text][\/vc_column][\/vc_row][vc_row][vc_column][vc_column_text][\/vc_column_text][\/vc_column][\/vc_row][vc_row][vc_column][\/vc_column][\/vc_row]<\/p>\n","protected":false},"author":6,"featured_media":0,"parent":0,"menu_order":0,"comment_status":"closed","ping_status":"closed","template":"","meta":{"footnotes":""},"_links":{"self":[{"href":"https:\/\/santacasadepelotas.com.br\/index.php\/wp-json\/wp\/v2\/pages\/1295"}],"collection":[{"href":"https:\/\/santacasadepelotas.com.br\/index.php\/wp-json\/wp\/v2\/pages"}],"about":[{"href":"https:\/\/santacasadepelotas.com.br\/index.php\/wp-json\/wp\/v2\/types\/page"}],"author":[{"embeddable":true,"href":"https:\/\/santacasadepelotas.com.br\/index.php\/wp-json\/wp\/v2\/users\/6"}],"replies":[{"embeddable":true,"href":"https:\/\/santacasadepelotas.com.br\/index.php\/wp-json\/wp\/v2\/comments?post=1295"}],"version-history":[{"count":32,"href":"https:\/\/santacasadepelotas.com.br\/index.php\/wp-json\/wp\/v2\/pages\/1295\/revisions"}],"predecessor-version":[{"id":3034,"href":"https:\/\/santacasadepelotas.com.br\/index.php\/wp-json\/wp\/v2\/pages\/1295\/revisions\/3034"}],"wp:attachment":[{"href":"https:\/\/santacasadepelotas.com.br\/index.php\/wp-json\/wp\/v2\/media?parent=1295"}],"curies":[{"name":"wp","href":"https:\/\/api.w.org\/{rel}","templated":true}]}}