{"id":3720,"date":"2025-10-14T15:21:32","date_gmt":"2025-10-14T18:21:32","guid":{"rendered":"https:\/\/santacasadepelotas.com.br\/?page_id=3720"},"modified":"2026-04-29T09:27:03","modified_gmt":"2026-04-29T12:27:03","slug":"cursos-santa-casa-de-pelotas","status":"publish","type":"page","link":"http:\/\/santacasadepelotas.com.br\/index.php\/cursos-santa-casa-de-pelotas\/","title":{"rendered":""},"content":{"rendered":"<p>[vc_row][vc_column][vc_column_text]<span dir=\"auto\" style=\"vertical-align: inherit;\"><span dir=\"auto\" style=\"vertical-align: inherit;\">[\/vc_column_text][\/vc_column][\/vc_row][vc_row][vc_column][vc_empty_space]<h3 class=\"grve-element grve-align-left grve-title-no-line grve-h3\" style=\"\"><span>Cursos<\/span><\/h3>[vc_column_text]<span style=\"font-size: 14pt;\"><strong>Atualiza\u00e7\u00e3o em Centro Cir\u00fargico e Instrumenta\u00e7\u00e3o Cir\u00fargica &#8211; 2\u00ba Edi\u00e7\u00e3o:<\/strong><\/span><\/span><\/span><\/p>\n<p>Se voc\u00ea deseja aprofundar seus conhecimentos e viver uma experi\u00eancia pr\u00e1tica intensa em Centro Cir\u00fargico, o\u00a0<strong>Curso de atualiza\u00e7\u00e3o em Centro Cir\u00fargico e Instrumenta\u00e7\u00e3o Cir\u00fargica <\/strong>\u00e9 a escolha certa para a sua carreira.<\/p>\n<p>O curso prepara o t\u00e9cnico de enfermagem para atuar com seguran\u00e7a e excel\u00eancia na \u00e1rea cir\u00fargica. Desde a primeira aula, o aluno \u00e9 inserido no ambiente hospitalar, sendo proporcionado uma imers\u00e3o sobre as melhores pr\u00e1ticas que envolvem o trabalho no Centro Cir\u00fargico.<\/p>\n<p>Ser\u00e3o 30 dias de contato direto com a \u00e1rea, o que ampliar\u00e1 sua vis\u00e3o sobre a pr\u00e1tica cir\u00fargica e fortalecer\u00e1 sua atua\u00e7\u00e3o profissional com aprendizado t\u00e9cnico de alto n\u00edvel.<\/p>\n<p><strong>Inicio em 12\/05\/2025<\/strong><\/p>\n<p>MODALIDADE: PRESENCIAL<\/p>\n<p>CURSO MODALIDADE LIVRE<\/p>\n<p>CARGA HOR\u00c1RIA: 60 HORAS<\/p>\n<p>COM CERTIFICADO DE CONCLUS\u00c3O<\/p>\n<p>P\u00daBLICO: T\u00c9CNICOS DE ENFERMAGEM<\/p>\n<p>VAGAS LIMITADAS!<\/p>\n<p>&nbsp;<\/p>\n<p><strong>CONTE\u00daDO DO CURSO (EMENTA):<\/strong><\/p>\n<p>O curso visa promover o aperfei\u00e7oamento dos profissionais de enfermagem, abordando a organiza\u00e7\u00e3o e o funcionamento do Centro Cir\u00fargico, as atribui\u00e7\u00f5es do instrumentador e do circulante de sala, bem como protocolos assistenciais, princ\u00edpios \u00e9ticos e normas de biosseguran\u00e7a essenciais para uma atua\u00e7\u00e3o segura, eficiente e de qualidade.<\/p>\n<p>Conte\u00fados abordados:<\/p>\n<ul>\n<li>Ambiente Cir\u00fargico, Equipe Cir\u00fargica e Comunica\u00e7\u00e3o Assertiva<\/li>\n<li>Aspectos \u00c9ticos, Normas de Biosseguran\u00e7a e Admiss\u00e3o do Paciente<\/li>\n<li>Classifica\u00e7\u00e3o Cir\u00fargica, Tipos de Anestesia e Transfer\u00eancia do Cuidado no P\u00f3s-operat\u00f3rio<\/li>\n<li>Antissepsia de M\u00e3os, Paramenta\u00e7\u00e3o Cir\u00fargica e Montagem de Mesa<\/li>\n<li>Instrumenta\u00e7\u00e3o Cir\u00fargica e Coloca\u00e7\u00e3o dos Campos<\/li>\n<li>Montagem e Circula\u00e7\u00e3o de Sala<\/li>\n<li>Protocolos Assistenciais<\/li>\n<li>Intercorr\u00eancias Intraoperat\u00f3rias<\/li>\n<\/ul>\n<p>&nbsp;<\/p>\n<p><strong>O Curso \u00e9 totalmente presencial e acontece ao longo de 30 dias intensivos, combinando aulas te\u00f3ricas e pr\u00e1ticas.<\/strong><\/p>\n<p>Voc\u00ea est\u00e1 pronto para adquirir mais conhecimentos e renovar sua expertise com profissionais habilitados, mestres da \u00e1rea da sa\u00fade, dentro de um hospital refer\u00eancia em ensino e pesquisa na Regi\u00e3o Sul? Ent\u00e3o n\u00e3o perca essa oportunidade!<\/p>\n<p>&nbsp;<\/p>\n<p>Acesse o link abaixo e fa\u00e7a sua pr\u00e9-inscri\u00e7\u00e3o!<\/p>\n<p><a href=\"https:\/\/forms.gle\/S4qC1rNvsfoks5CM9\">https:\/\/forms.gle\/S4qC1rNvsfoks5CM9<\/a>[\/vc_column_text][\/vc_column][vc_column][\/vc_column][vc_column][\/vc_column][vc_column][\/vc_column][vc_column][\/vc_column][\/vc_row][vc_row][vc_column]<div class=\"grve-element grve-box grve-align-left\" style=\"\"><div class=\"grve-media\"><img loading=\"lazy\" decoding=\"async\" width=\"2560\" height=\"277\" src=\"http:\/\/santacasadepelotas.com.br\/wp-content\/uploads\/2024\/06\/RODAPE-SITE@4x-100-scaled.jpg\" class=\"attachment-full size-full\" alt=\"\" srcset=\"http:\/\/santacasadepelotas.com.br\/wp-content\/uploads\/2024\/06\/RODAPE-SITE@4x-100-scaled.jpg 2560w, http:\/\/santacasadepelotas.com.br\/wp-content\/uploads\/2024\/06\/RODAPE-SITE@4x-100-300x33.jpg 300w, http:\/\/santacasadepelotas.com.br\/wp-content\/uploads\/2024\/06\/RODAPE-SITE@4x-100-1024x111.jpg 1024w, http:\/\/santacasadepelotas.com.br\/wp-content\/uploads\/2024\/06\/RODAPE-SITE@4x-100-768x83.jpg 768w, http:\/\/santacasadepelotas.com.br\/wp-content\/uploads\/2024\/06\/RODAPE-SITE@4x-100-1536x166.jpg 1536w, http:\/\/santacasadepelotas.com.br\/wp-content\/uploads\/2024\/06\/RODAPE-SITE@4x-100-1920x208.jpg 1920w\" sizes=\"(max-width: 2560px) 100vw, 2560px\" \/><\/div>  <div class=\"grve-box-content\">    <p><\/p>  <\/div><\/div>[\/vc_column][\/vc_row]<\/p>\n","protected":false},"excerpt":{"rendered":"<p>[vc_row][vc_column][vc_column_text][\/vc_column_text][\/vc_column][\/vc_row][vc_row][vc_column][vc_empty_space][vc_column_text]Atualiza\u00e7\u00e3o em Centro Cir\u00fargico e Instrumenta\u00e7\u00e3o Cir\u00fargica &#8211; 2\u00ba Edi\u00e7\u00e3o: Se voc\u00ea deseja aprofundar seus conhecimentos e viver uma experi\u00eancia pr\u00e1tica intensa em Centro Cir\u00fargico, o\u00a0Curso de atualiza\u00e7\u00e3o em Centro Cir\u00fargico e Instrumenta\u00e7\u00e3o Cir\u00fargica \u00e9 a escolha certa para a sua carreira. O curso prepara o t\u00e9cnico de enfermagem para atuar com seguran\u00e7a e excel\u00eancia [&hellip;]<\/p>\n","protected":false},"author":6,"featured_media":0,"parent":0,"menu_order":0,"comment_status":"closed","ping_status":"closed","template":"","meta":{"footnotes":""},"_links":{"self":[{"href":"http:\/\/santacasadepelotas.com.br\/index.php\/wp-json\/wp\/v2\/pages\/3720"}],"collection":[{"href":"http:\/\/santacasadepelotas.com.br\/index.php\/wp-json\/wp\/v2\/pages"}],"about":[{"href":"http:\/\/santacasadepelotas.com.br\/index.php\/wp-json\/wp\/v2\/types\/page"}],"author":[{"embeddable":true,"href":"http:\/\/santacasadepelotas.com.br\/index.php\/wp-json\/wp\/v2\/users\/6"}],"replies":[{"embeddable":true,"href":"http:\/\/santacasadepelotas.com.br\/index.php\/wp-json\/wp\/v2\/comments?post=3720"}],"version-history":[{"count":15,"href":"http:\/\/santacasadepelotas.com.br\/index.php\/wp-json\/wp\/v2\/pages\/3720\/revisions"}],"predecessor-version":[{"id":4077,"href":"http:\/\/santacasadepelotas.com.br\/index.php\/wp-json\/wp\/v2\/pages\/3720\/revisions\/4077"}],"wp:attachment":[{"href":"http:\/\/santacasadepelotas.com.br\/index.php\/wp-json\/wp\/v2\/media?parent=3720"}],"curies":[{"name":"wp","href":"https:\/\/api.w.org\/{rel}","templated":true}]}}