{"id":207,"date":"2018-06-06T16:57:22","date_gmt":"2018-06-06T19:57:22","guid":{"rendered":"http:\/\/santacasadepelotas.com.br\/novolayout\/?page_id=207"},"modified":"2025-09-16T16:47:12","modified_gmt":"2025-09-16T19:47:12","slug":"ensino-e-pesquisa","status":"publish","type":"page","link":"http:\/\/santacasadepelotas.com.br\/index.php\/ensino-e-pesquisa\/","title":{"rendered":"Comit\u00ea de \u00c9tica em Pesquisa (CEP)"},"content":{"rendered":"<p>[vc_row][vc_column]<h3 class=\"grve-element grve-align-left grve-title-no-line grve-h3\" style=\"\"><span>Comit\u00ea de \u00c9tica em Pesquisa (CEP)<\/span><\/h3>[vc_column_text]<\/p>\n<p style=\"text-align: justify;\">O Comit\u00ea de \u00c9tica em Pesquisa (CEP) \u00e9 respons\u00e1vel pela avalia\u00e7\u00e3o e acompanhamento de todos os aspectos \u00e9ticos direcionados para pesquisas envolvendo seres humanos. Neste cen\u00e1rio, toda pesquisa envolvendo seres humanos dever\u00e1 ser submetida \u00e0 aprecia\u00e7\u00e3o de um CEP.<\/p>\n<p style=\"text-align: justify;\">Visando garantir agilidade e qualidade de seus processos, a Santa Casa de Pelotas possui registrado junto ao Conselho Nacional de \u00c9tica em Pesquisa (CONEP) um CEP, que esta estruturado para atender as demandas de pesquisadores e sujeitos de pesquisa.<\/p>\n<p style=\"text-align: justify;\">O Comit\u00ea de \u00c9tica em Pesquisa da Santa Casa de Pelotas rege-se pelas diretrizes e normas regulamentadoras de pesquisas envolvendo seres humanos aprovadas na Resolu\u00e7\u00e3o n\u00ba 466\/12, segundo compet\u00eancia regimental e atribui\u00e7\u00f5es conferidas ao Conselho Nacional de Sa\u00fade (CNS) pela Lei n\u00ba 8.080, de 19 de setembro de 1990, e pela Lei n\u00ba 8.142, de 28 de dezembro de 1990.<\/p>\n<p style=\"text-align: justify;\">O CEP constitui, segundo as Resolu\u00e7\u00f5es CNS n\u00ba 466\/12, n\u00ba 647\/2020, n\u00ba 706\/2023 e 510\/16, um colegiado interdisciplinar e independente, de relev\u00e2ncia p\u00fablica, de car\u00e1ter consultivo, deliberativo e educativo, criado para defender os interesses dos participantes da pesquisa em sua integridade, dignidade e para contribuir no desenvolvimento da pesquisa dentro de padr\u00f5es \u00e9ticos.<\/p>\n<p style=\"text-align: justify;\"><strong>Submiss\u00e3o de Projetos<\/strong><\/p>\n<p style=\"text-align: justify;\">A submiss\u00e3o de projetos ao Sistema CEP-CONEP \u00e9 feita por meio da\u00a0Plataforma Brasil, que \u00e9 uma base nacional e unificada de registro das pesquisas envolvendo seres humanos. Ela permite que pesquisas em desenvolvimento sejam acompanhadas em seus diferentes est\u00e1gios, ou seja, desde a sua submiss\u00e3o e aprova\u00e7\u00e3o, at\u00e9 o encerramento da pesquisa na institui\u00e7\u00e3o de v\u00ednculo dos pesquisadores.<\/p>\n<p style=\"text-align: justify;\">Clique no link abaixo para realizar o seu\u00a0cadastro\u00a0na Plataforma Brasil ou para fazer a\u00a0submiss\u00e3o de novos projetos.<\/p>\n<p style=\"text-align: justify;\"><a href=\"http:\/\/plataformabrasil.saude.gov.br\/login.jsf\">http:\/\/plataformabrasil.saude.gov.br\/login.jsf<\/a><\/p>\n<ol style=\"text-align: justify;\">\n<li><strong>Cadastro de Usu\u00e1rio na Plataforma:<\/strong><\/li>\n<\/ol>\n<p style=\"text-align: justify;\">Para efetuar o cadastro \u00e9 necess\u00e1rio possuir previamente os seguintes arquivos:<\/p>\n<p style=\"text-align: justify;\">1\u00ba\u00a0&#8211; Documento de identidade com foto &#8211; frente e verso, em formato PDF;<br \/>\n2\u00ba\u00a0&#8211; Fotografia digital &#8211; em formato JPG;<br \/>\n3\u00ba\u00a0&#8211; Curr\u00edculo Lattes resumido &#8211; em formato PDF, com no m\u00e1ximo 2mb.<\/p>\n<ol style=\"text-align: justify;\" start=\"2\">\n<li><strong>V\u00ednculo com a Institui\u00e7\u00e3o Proponente:<\/strong><\/li>\n<\/ol>\n<p style=\"text-align: justify;\">Ainda no momento do cadastramento, o\/a pesquisador\/a\u00a0dever\u00e1 inserir no campo proponente <strong>Santa Casa de Miseric\u00f3rdia Pelotas<\/strong>.<\/p>\n<p style=\"text-align: justify;\">IMPORTANTE:\u00a0Selecione a institui\u00e7\u00e3o denominada\u00a0Santa Casa de Miseric\u00f3rdia de Pelotas, pois somente nela est\u00e3o dispon\u00edveis as unidades\/\u00f3rg\u00e3os institucionais.<\/p>\n<p style=\"text-align: justify;\">Assim, ap\u00f3s a efetiva\u00e7\u00e3o do cadastro, a Plataforma Brasil enviar\u00e1 para o e-mail cadastrado uma senha. O usu\u00e1rio pode ent\u00e3o acessar o sistema e inclusive alter\u00e1-la em seu primeiro\u00a0login.<\/p>\n<ol style=\"text-align: justify;\" start=\"3\">\n<li><strong>Submiss\u00e3o de Projetos de Pesquisa:<\/strong><\/li>\n<\/ol>\n<p style=\"text-align: justify;\">1\u00ba\u00a0&#8211; Selecione\u00a0<em>Nova Submiss\u00e3o\u00a0<\/em>(para projetos nunca apreciados).<br \/>\n2\u00ba\u00a0&#8211;\u00a0ATEN\u00c7\u00c3O DISCENTES: \u00e9 obrigat\u00f3ria a inser\u00e7\u00e3o do\/a\u00a0orientador\/a como Equipe de Pesquisa\u00a0na primeira tela da Plataforma Brasil. Para isso, solicite a orientadores e demais membros da equipe que realizem o cadastrado no sistema.<br \/>\n3\u00ba\u00a0&#8211; S\u00e3o seis (6) telas a serem preenchidas para submiss\u00e3o de projeto na Plataforma Brasil.<\/p>\n<p>&nbsp;<\/p>\n<ul>\n<li>O CEP da Santa Casa est\u00e1 localizado no andar intermedi\u00e1rio, ao lado da sala dos m\u00e9dicos.<\/li>\n<li>As reuni\u00f5es acontecem na segunda quarta de cada m\u00eas, com possibilidade de adequa\u00e7\u00f5es.<\/li>\n<li>Hor\u00e1rio de funcionamento: das 8h \u00e0s 12h<\/li>\n<\/ul>\n<p style=\"text-align: justify;\">Mais informa\u00e7\u00f5es entre em contato atrav\u00e9s do e-mail cep@santacasadepelotas.com.br , pelo telefone (053)3284-4700, Ramal 510 ou pelo Celular\/whatsapp 53 9176-9797.<\/p>\n<p>[\/vc_column_text][\/vc_column][\/vc_row]<\/p>\n","protected":false},"excerpt":{"rendered":"<p>[vc_row][vc_column][vc_column_text] O Comit\u00ea de \u00c9tica em Pesquisa (CEP) \u00e9 respons\u00e1vel pela avalia\u00e7\u00e3o e acompanhamento de todos os aspectos \u00e9ticos direcionados para pesquisas envolvendo seres humanos. Neste cen\u00e1rio, toda pesquisa envolvendo seres humanos dever\u00e1 ser submetida \u00e0 aprecia\u00e7\u00e3o de um CEP. Visando garantir agilidade e qualidade de seus processos, a Santa Casa de Pelotas possui registrado [&hellip;]<\/p>\n","protected":false},"author":6,"featured_media":0,"parent":0,"menu_order":0,"comment_status":"closed","ping_status":"closed","template":"","meta":{"footnotes":""},"_links":{"self":[{"href":"http:\/\/santacasadepelotas.com.br\/index.php\/wp-json\/wp\/v2\/pages\/207"}],"collection":[{"href":"http:\/\/santacasadepelotas.com.br\/index.php\/wp-json\/wp\/v2\/pages"}],"about":[{"href":"http:\/\/santacasadepelotas.com.br\/index.php\/wp-json\/wp\/v2\/types\/page"}],"author":[{"embeddable":true,"href":"http:\/\/santacasadepelotas.com.br\/index.php\/wp-json\/wp\/v2\/users\/6"}],"replies":[{"embeddable":true,"href":"http:\/\/santacasadepelotas.com.br\/index.php\/wp-json\/wp\/v2\/comments?post=207"}],"version-history":[{"count":10,"href":"http:\/\/santacasadepelotas.com.br\/index.php\/wp-json\/wp\/v2\/pages\/207\/revisions"}],"predecessor-version":[{"id":3651,"href":"http:\/\/santacasadepelotas.com.br\/index.php\/wp-json\/wp\/v2\/pages\/207\/revisions\/3651"}],"wp:attachment":[{"href":"http:\/\/santacasadepelotas.com.br\/index.php\/wp-json\/wp\/v2\/media?parent=207"}],"curies":[{"name":"wp","href":"https:\/\/api.w.org\/{rel}","templated":true}]}}